{"id":2,"date":"2023-12-07T21:27:04","date_gmt":"2023-12-07T21:27:04","guid":{"rendered":"http:\/\/localhost\/wp\/?page_id=2"},"modified":"2023-12-10T11:01:55","modified_gmt":"2023-12-10T11:01:55","slug":"sample-page","status":"publish","type":"page","link":"https:\/\/www.kareltomek.cz\/?page_id=2","title":{"rendered":"Co mohu nab\u00eddnout jako kou\u010d"},"content":{"rendered":"\n<p>Pro kou\u010dov\u00e1n\u00ed jsem se nadchl u\u017e jako zku\u0161en\u00fd pedagog a mana\u017eer. Byl to dal\u0161\u00ed krok, kter\u00fd na m\u011b \u010dekal v situaci, kdy jsem se ptal s\u00e1m sebe, jak neju\u017eite\u010dn\u011bji vyu\u017e\u00edt sv\u00e9 dosavadn\u00ed zku\u0161enosti se vzd\u011bl\u00e1v\u00e1n\u00edm lid\u00ed a \u0159\u00edzen\u00edm t\u00fdm\u016f. V\u00edce jak deset let u\u017e krom\u011b m\u00e9 odborn\u00e9 pr\u00e1ce v oblasti vzd\u011bl\u00e1vac\u00edch program\u016f \u0161kol a vzd\u011bl\u00e1v\u00e1n\u00ed pedagog\u016f prov\u00e1z\u00edm jako kou\u010d jednotlivce i t\u00fdmy na cest\u011b jejich rozvoje. Na str\u00e1n\u00e1ch EMCC je moje mise: <strong>Prov\u00e1z\u00edm klienty p\u0159i objevov\u00e1n\u00ed a rozv\u00edjen\u00ed jejich jedine\u010dn\u00fdch mo\u017enost\u00ed.<\/strong> <\/p>\n\n\n\n<figure class=\"wp-block-image size-full\"><img loading=\"lazy\" decoding=\"async\" width=\"195\" height=\"141\" src=\"https:\/\/www.kareltomek.cz\/wp-content\/uploads\/2023\/12\/EMCC-logo_JPEG-1.jpg\" alt=\"\" class=\"wp-image-49\"\/><\/figure>\n","protected":false},"excerpt":{"rendered":"<p>Pro kou\u010dov\u00e1n\u00ed jsem se nadchl u\u017e jako zku\u0161en\u00fd pedagog a mana\u017eer. Byl to dal\u0161\u00ed krok, kter\u00fd na m\u011b \u010dekal v &hellip; <\/p>\n","protected":false},"author":1,"featured_media":0,"parent":0,"menu_order":0,"comment_status":"closed","ping_status":"open","template":"","meta":{"footnotes":""},"class_list":["post-2","page","type-page","status-publish","hentry"],"_links":{"self":[{"href":"https:\/\/www.kareltomek.cz\/index.php?rest_route=\/wp\/v2\/pages\/2","targetHints":{"allow":["GET"]}}],"collection":[{"href":"https:\/\/www.kareltomek.cz\/index.php?rest_route=\/wp\/v2\/pages"}],"about":[{"href":"https:\/\/www.kareltomek.cz\/index.php?rest_route=\/wp\/v2\/types\/page"}],"author":[{"embeddable":true,"href":"https:\/\/www.kareltomek.cz\/index.php?rest_route=\/wp\/v2\/users\/1"}],"replies":[{"embeddable":true,"href":"https:\/\/www.kareltomek.cz\/index.php?rest_route=%2Fwp%2Fv2%2Fcomments&post=2"}],"version-history":[{"count":3,"href":"https:\/\/www.kareltomek.cz\/index.php?rest_route=\/wp\/v2\/pages\/2\/revisions"}],"predecessor-version":[{"id":51,"href":"https:\/\/www.kareltomek.cz\/index.php?rest_route=\/wp\/v2\/pages\/2\/revisions\/51"}],"wp:attachment":[{"href":"https:\/\/www.kareltomek.cz\/index.php?rest_route=%2Fwp%2Fv2%2Fmedia&parent=2"}],"curies":[{"name":"wp","href":"https:\/\/api.w.org\/{rel}","templated":true}]}}